{"id":22,"date":"2025-11-10T12:07:41","date_gmt":"2025-11-10T12:07:41","guid":{"rendered":"https:\/\/flaggor.com\/?page_id=22"},"modified":"2025-11-26T11:25:55","modified_gmt":"2025-11-26T11:25:55","slug":"flaggor","status":"publish","type":"page","link":"https:\/\/flaggor.com\/","title":{"rendered":"Flaggor"},"content":{"rendered":"<div class=\"wp-block-image\">\n<figure class=\"alignright size-full is-resized\"><img loading=\"lazy\" decoding=\"async\" width=\"255\" height=\"363\" src=\"https:\/\/flaggor.com\/wp-content\/uploads\/2025\/11\/samlingsbild.gif\" alt=\"\" class=\"wp-image-19\" style=\"width:342px;height:auto\"\/><\/figure>\n<\/div>\n\n\n<p>S\u00e4g det med flaggor!<\/p>\n\n\n\n<p>Hos \u00c5hsbergs Tryckeri AB hittar du handflaggor, flaggspel, viftflaggor och vimplar av alla dess slag.<\/p>\n\n\n\n<p>Flaggor \u00e4r ett i\u00f6gonfallande och effektivt s\u00e4tt att synas. De flesta f\u00f6retag idag anv\u00e4nder sig av fasadflaggor, flaggspel eller vimplar som en reklamform.<\/p>\n\n\n\n<p>Vi p\u00e5 \u00c5hsbergs Tryckeri AB \u00e4r experter p\u00e5 flaggspel, handflaggor, viftflaggor, flaggor, vimplar och kan producera skr\u00e4ddarsydda fasadflaggor eller flaggspel till ditt f\u00f6retag. Vi framst\u00e4ller \u00e4ven specialtillverkade pappersflaggor med f\u00f6retagslogga.<\/p>\n\n\n\n<p>Vi har ocks\u00e5 ett stort sortiment av f\u00f6rstklassiga nationsflaggor, b\u00e5de f\u00f6r fasader, i pappersform och som standar. Hos oss hittar du s\u00e5v\u00e4l EU flaggor som Amerikanska flaggor och Svenska flaggor.<\/p>\n\n\n\n<p>Standarflaggor, pappersflaggor och flaggspel kan vara ett bra komplement till bordsdekorationen p\u00e5 ett m\u00f6te eller under en h\u00f6gtidsdag. Standar med amerikanska flaggor eller EU flaggor kan ocks\u00e5 vara ett bra s\u00e4tt att f\u00e5 bes\u00f6kande kollegor eller g\u00e4ster att k\u00e4nna sig v\u00e4lkomna.<\/p>\n\n\n\n<p>Inf\u00f6r olika h\u00f6gtider \u00e4r det popul\u00e4rt med svenska flaggor, b\u00e5de fasadflaggor och flaggspel. Om du k\u00f6per dina svenska flaggor hos \u00c5hsbergs Tryckeri AB kan du vara s\u00e4ker p\u00e5 att det \u00e4r f\u00f6rtr\u00e4ffliga och t\u00e5liga flaggor.<br><\/p>\n\n\n\n<p class=\"\" style=\"margin: 100px;\"><\/p>\n\n\n\n<h2 class=\"wp-block-heading\">Pappersflaggor<\/h2>\n\n\n<div class=\"wp-block-image\">\n<figure class=\"aligncenter size-full\"><img loading=\"lazy\" decoding=\"async\" width=\"359\" height=\"255\" src=\"https:\/\/flaggor.com\/wp-content\/uploads\/2025\/11\/pappersflaggor.gif\" alt=\"\" class=\"wp-image-16\"\/><\/figure>\n<\/div>\n\n\n<p>M\u00e5nga f\u00f6retag anv\u00e4nder flaggor med sin symbol i sin marknadsf\u00f6ring. Dessa \u00e4r vanligtvis inte lika best\u00e5ende i sitt utseende som nationsflaggor, eftersom m\u00e5nga f\u00f6retag t\u00e4mligen ofta uppdaterar sin grafiska profil och sina varum\u00e4rken.<br>F\u00f6reningar har ofta flaggor. Detta \u00e4r kanske allra vanligast f\u00f6r idrottsf\u00f6reningar, d\u00e4r f\u00f6reningens supportrar ofta anv\u00e4nder flaggan n\u00e4r de vill uttrycka sin lojalitet med f\u00f6reningen.<\/p>\n\n\n\n\n<p>Standardstorlekar:<\/p>\n\n\n\n<p>Pappersflagga 21&#215;12 cm, 4&#215;400 mm tr\u00e4pinnar.<\/p>\n\n\n\n<p>Pappersvimpel 30&#215;15 cm, 4&#215;400 mm tr\u00e4pinnar.<\/p>\n","protected":false},"excerpt":{"rendered":"<p>S\u00e4g det med flaggor! Hos \u00c5hsbergs Tryckeri AB hittar du handflaggor, flaggspel, viftflaggor och vimplar av alla dess slag. Flaggor \u00e4r ett i\u00f6gonfallande och effektivt s\u00e4tt att synas. De flesta f\u00f6retag idag anv\u00e4nder sig av fasadflaggor, flaggspel eller vimplar som &hellip; <a href=\"https:\/\/flaggor.com\/\">Forts\u00e4tt l\u00e4sa <span class=\"meta-nav\">&rarr;<\/span><\/a><\/p>\n","protected":false},"author":1,"featured_media":19,"parent":0,"menu_order":0,"comment_status":"closed","ping_status":"closed","template":"onecolumn-page.php","meta":{"footnotes":""},"class_list":["post-22","page","type-page","status-publish","has-post-thumbnail","hentry"],"_links":{"self":[{"href":"https:\/\/flaggor.com\/index.php?rest_route=\/wp\/v2\/pages\/22","targetHints":{"allow":["GET"]}}],"collection":[{"href":"https:\/\/flaggor.com\/index.php?rest_route=\/wp\/v2\/pages"}],"about":[{"href":"https:\/\/flaggor.com\/index.php?rest_route=\/wp\/v2\/types\/page"}],"author":[{"embeddable":true,"href":"https:\/\/flaggor.com\/index.php?rest_route=\/wp\/v2\/users\/1"}],"replies":[{"embeddable":true,"href":"https:\/\/flaggor.com\/index.php?rest_route=%2Fwp%2Fv2%2Fcomments&post=22"}],"version-history":[{"count":16,"href":"https:\/\/flaggor.com\/index.php?rest_route=\/wp\/v2\/pages\/22\/revisions"}],"predecessor-version":[{"id":55,"href":"https:\/\/flaggor.com\/index.php?rest_route=\/wp\/v2\/pages\/22\/revisions\/55"}],"wp:featuredmedia":[{"embeddable":true,"href":"https:\/\/flaggor.com\/index.php?rest_route=\/wp\/v2\/media\/19"}],"wp:attachment":[{"href":"https:\/\/flaggor.com\/index.php?rest_route=%2Fwp%2Fv2%2Fmedia&parent=22"}],"curies":[{"name":"wp","href":"https:\/\/api.w.org\/{rel}","templated":true}]}}